{"id":2305,"date":"2020-06-21T21:13:13","date_gmt":"2020-06-21T21:13:13","guid":{"rendered":"http:\/\/s522524899.online.de\/pianiste-chanteur\/"},"modified":"2026-01-13T15:11:52","modified_gmt":"2026-01-13T15:11:52","slug":"pianiste-chanteuse","status":"publish","type":"page","link":"https:\/\/yashpon.com\/fr\/pianiste-chanteuse\/","title":{"rendered":"Annette Yashpon \u2013 Pianiste et chanteuse pour des \u00e9v\u00e9nements en direct"},"content":{"rendered":"","protected":false},"excerpt":{"rendered":"","protected":false},"author":1,"featured_media":0,"parent":0,"menu_order":0,"comment_status":"closed","ping_status":"closed","template":"","meta":{"footnotes":""},"class_list":["post-2305","page","type-page","status-publish","hentry"],"yoast_head":"<!-- This site is optimized with the Yoast SEO plugin v27.4 - https:\/\/yoast.com\/product\/yoast-seo-wordpress\/ -->\n<title>Annette Yashpon | Pianiste, Chanteuse &amp; Auteure-compositrice \u00e0 Berlin<\/title>\n<meta name=\"description\" content=\"La pianiste &amp; chanteuse britannique Annette Yashpon interpr\u00e8te des classiques, tubes &amp; cr\u00e9ations. R\u00e9servez pour \u00e9v\u00e9nements, galas &amp; concerts priv\u00e9s!\" \/>\n<meta name=\"robots\" content=\"index, follow, max-snippet:-1, max-image-preview:large, max-video-preview:-1\" \/>\n<link rel=\"canonical\" href=\"https:\/\/yashpon.com\/fr\/pianiste-chanteuse\/\" \/>\n<meta property=\"og:locale\" content=\"fr_FR\" \/>\n<meta property=\"og:type\" content=\"article\" \/>\n<meta property=\"og:title\" content=\"Annette Yashpon | Pianiste, Chanteuse &amp; Auteure-compositrice \u00e0 Berlin\" \/>\n<meta property=\"og:description\" content=\"La pianiste &amp; chanteuse britannique Annette Yashpon interpr\u00e8te des classiques, tubes &amp; cr\u00e9ations. R\u00e9servez pour \u00e9v\u00e9nements, galas &amp; concerts priv\u00e9s!\" \/>\n<meta property=\"og:url\" content=\"https:\/\/yashpon.com\/fr\/pianiste-chanteuse\/\" \/>\n<meta property=\"og:site_name\" content=\"Annette Yashpon\" \/>\n<meta property=\"article:publisher\" content=\"https:\/\/www.facebook.com\/AnnetteYashpon\" \/>\n<meta property=\"article:modified_time\" content=\"2026-01-13T15:11:52+00:00\" \/>\n<meta name=\"twitter:card\" content=\"summary_large_image\" \/>\n<script type=\"application\/ld+json\" class=\"yoast-schema-graph\">{\"@context\":\"https:\\\/\\\/schema.org\",\"@graph\":[{\"@type\":\"WebPage\",\"@id\":\"https:\\\/\\\/yashpon.com\\\/fr\\\/pianiste-chanteuse\\\/\",\"url\":\"https:\\\/\\\/yashpon.com\\\/fr\\\/pianiste-chanteuse\\\/\",\"name\":\"Annette Yashpon | Pianiste, Chanteuse & Auteure-compositrice \u00e0 Berlin\",\"isPartOf\":{\"@id\":\"https:\\\/\\\/yashpon.com\\\/fr\\\/#website\"},\"datePublished\":\"2020-06-21T21:13:13+00:00\",\"dateModified\":\"2026-01-13T15:11:52+00:00\",\"description\":\"La pianiste & chanteuse britannique Annette Yashpon interpr\u00e8te des classiques, tubes & cr\u00e9ations. R\u00e9servez pour \u00e9v\u00e9nements, galas & concerts priv\u00e9s!\",\"breadcrumb\":{\"@id\":\"https:\\\/\\\/yashpon.com\\\/fr\\\/pianiste-chanteuse\\\/#breadcrumb\"},\"inLanguage\":\"fr-FR\",\"potentialAction\":[{\"@type\":\"ReadAction\",\"target\":[\"https:\\\/\\\/yashpon.com\\\/fr\\\/pianiste-chanteuse\\\/\"]}]},{\"@type\":\"BreadcrumbList\",\"@id\":\"https:\\\/\\\/yashpon.com\\\/fr\\\/pianiste-chanteuse\\\/#breadcrumb\",\"itemListElement\":[{\"@type\":\"ListItem\",\"position\":1,\"name\":\"Home\",\"item\":\"https:\\\/\\\/yashpon.com\\\/fr\\\/\"},{\"@type\":\"ListItem\",\"position\":2,\"name\":\"Annette Yashpon \u2013 Pianiste et chanteuse pour des \u00e9v\u00e9nements en direct\"}]},{\"@type\":\"WebSite\",\"@id\":\"https:\\\/\\\/yashpon.com\\\/fr\\\/#website\",\"url\":\"https:\\\/\\\/yashpon.com\\\/fr\\\/\",\"name\":\"yashpon\",\"description\":\"Event Presenter, Pianist &amp; Singer and Voice Artist from Berlin\",\"publisher\":{\"@id\":\"https:\\\/\\\/yashpon.com\\\/fr\\\/#organization\"},\"potentialAction\":[{\"@type\":\"SearchAction\",\"target\":{\"@type\":\"EntryPoint\",\"urlTemplate\":\"https:\\\/\\\/yashpon.com\\\/fr\\\/?s={search_term_string}\"},\"query-input\":{\"@type\":\"PropertyValueSpecification\",\"valueRequired\":true,\"valueName\":\"search_term_string\"}}],\"inLanguage\":\"fr-FR\"},{\"@type\":\"Organization\",\"@id\":\"https:\\\/\\\/yashpon.com\\\/fr\\\/#organization\",\"name\":\"yashpon\",\"url\":\"https:\\\/\\\/yashpon.com\\\/fr\\\/\",\"logo\":{\"@type\":\"ImageObject\",\"inLanguage\":\"fr-FR\",\"@id\":\"https:\\\/\\\/yashpon.com\\\/fr\\\/#\\\/schema\\\/logo\\\/image\\\/\",\"url\":\"https:\\\/\\\/yashpon.com\\\/wp-content\\\/uploads\\\/2020\\\/05\\\/annette-yashpon-logo.png\",\"contentUrl\":\"https:\\\/\\\/yashpon.com\\\/wp-content\\\/uploads\\\/2020\\\/05\\\/annette-yashpon-logo.png\",\"width\":150,\"height\":39,\"caption\":\"yashpon\"},\"image\":{\"@id\":\"https:\\\/\\\/yashpon.com\\\/fr\\\/#\\\/schema\\\/logo\\\/image\\\/\"},\"sameAs\":[\"https:\\\/\\\/www.facebook.com\\\/AnnetteYashpon\",\"https:\\\/\\\/www.xing.com\\\/profile\\\/Annette_Yashpon\"]}]}<\/script>\n<!-- \/ Yoast SEO plugin. -->","yoast_head_json":{"title":"Annette Yashpon | Pianiste, Chanteuse & Auteure-compositrice \u00e0 Berlin","description":"La pianiste & chanteuse britannique Annette Yashpon interpr\u00e8te des classiques, tubes & cr\u00e9ations. R\u00e9servez pour \u00e9v\u00e9nements, galas & concerts priv\u00e9s!","robots":{"index":"index","follow":"follow","max-snippet":"max-snippet:-1","max-image-preview":"max-image-preview:large","max-video-preview":"max-video-preview:-1"},"canonical":"https:\/\/yashpon.com\/fr\/pianiste-chanteuse\/","og_locale":"fr_FR","og_type":"article","og_title":"Annette Yashpon | Pianiste, Chanteuse & Auteure-compositrice \u00e0 Berlin","og_description":"La pianiste & chanteuse britannique Annette Yashpon interpr\u00e8te des classiques, tubes & cr\u00e9ations. R\u00e9servez pour \u00e9v\u00e9nements, galas & concerts priv\u00e9s!","og_url":"https:\/\/yashpon.com\/fr\/pianiste-chanteuse\/","og_site_name":"Annette Yashpon","article_publisher":"https:\/\/www.facebook.com\/AnnetteYashpon","article_modified_time":"2026-01-13T15:11:52+00:00","twitter_card":"summary_large_image","schema":{"@context":"https:\/\/schema.org","@graph":[{"@type":"WebPage","@id":"https:\/\/yashpon.com\/fr\/pianiste-chanteuse\/","url":"https:\/\/yashpon.com\/fr\/pianiste-chanteuse\/","name":"Annette Yashpon | Pianiste, Chanteuse & Auteure-compositrice \u00e0 Berlin","isPartOf":{"@id":"https:\/\/yashpon.com\/fr\/#website"},"datePublished":"2020-06-21T21:13:13+00:00","dateModified":"2026-01-13T15:11:52+00:00","description":"La pianiste & chanteuse britannique Annette Yashpon interpr\u00e8te des classiques, tubes & cr\u00e9ations. R\u00e9servez pour \u00e9v\u00e9nements, galas & concerts priv\u00e9s!","breadcrumb":{"@id":"https:\/\/yashpon.com\/fr\/pianiste-chanteuse\/#breadcrumb"},"inLanguage":"fr-FR","potentialAction":[{"@type":"ReadAction","target":["https:\/\/yashpon.com\/fr\/pianiste-chanteuse\/"]}]},{"@type":"BreadcrumbList","@id":"https:\/\/yashpon.com\/fr\/pianiste-chanteuse\/#breadcrumb","itemListElement":[{"@type":"ListItem","position":1,"name":"Home","item":"https:\/\/yashpon.com\/fr\/"},{"@type":"ListItem","position":2,"name":"Annette Yashpon \u2013 Pianiste et chanteuse pour des \u00e9v\u00e9nements en direct"}]},{"@type":"WebSite","@id":"https:\/\/yashpon.com\/fr\/#website","url":"https:\/\/yashpon.com\/fr\/","name":"yashpon","description":"Event Presenter, Pianist &amp; Singer and Voice Artist from Berlin","publisher":{"@id":"https:\/\/yashpon.com\/fr\/#organization"},"potentialAction":[{"@type":"SearchAction","target":{"@type":"EntryPoint","urlTemplate":"https:\/\/yashpon.com\/fr\/?s={search_term_string}"},"query-input":{"@type":"PropertyValueSpecification","valueRequired":true,"valueName":"search_term_string"}}],"inLanguage":"fr-FR"},{"@type":"Organization","@id":"https:\/\/yashpon.com\/fr\/#organization","name":"yashpon","url":"https:\/\/yashpon.com\/fr\/","logo":{"@type":"ImageObject","inLanguage":"fr-FR","@id":"https:\/\/yashpon.com\/fr\/#\/schema\/logo\/image\/","url":"https:\/\/yashpon.com\/wp-content\/uploads\/2020\/05\/annette-yashpon-logo.png","contentUrl":"https:\/\/yashpon.com\/wp-content\/uploads\/2020\/05\/annette-yashpon-logo.png","width":150,"height":39,"caption":"yashpon"},"image":{"@id":"https:\/\/yashpon.com\/fr\/#\/schema\/logo\/image\/"},"sameAs":["https:\/\/www.facebook.com\/AnnetteYashpon","https:\/\/www.xing.com\/profile\/Annette_Yashpon"]}]}},"_links":{"self":[{"href":"https:\/\/yashpon.com\/fr\/wp-json\/wp\/v2\/pages\/2305","targetHints":{"allow":["GET"]}}],"collection":[{"href":"https:\/\/yashpon.com\/fr\/wp-json\/wp\/v2\/pages"}],"about":[{"href":"https:\/\/yashpon.com\/fr\/wp-json\/wp\/v2\/types\/page"}],"author":[{"embeddable":true,"href":"https:\/\/yashpon.com\/fr\/wp-json\/wp\/v2\/users\/1"}],"replies":[{"embeddable":true,"href":"https:\/\/yashpon.com\/fr\/wp-json\/wp\/v2\/comments?post=2305"}],"version-history":[{"count":2,"href":"https:\/\/yashpon.com\/fr\/wp-json\/wp\/v2\/pages\/2305\/revisions"}],"predecessor-version":[{"id":3087,"href":"https:\/\/yashpon.com\/fr\/wp-json\/wp\/v2\/pages\/2305\/revisions\/3087"}],"wp:attachment":[{"href":"https:\/\/yashpon.com\/fr\/wp-json\/wp\/v2\/media?parent=2305"}],"curies":[{"name":"wp","href":"https:\/\/api.w.org\/{rel}","templated":true}]}}