{"id":1794,"date":"2020-06-18T23:49:04","date_gmt":"2020-06-18T23:49:04","guid":{"rendered":"http:\/\/s522524899.online.de\/?page_id=1794"},"modified":"2025-10-19T18:33:20","modified_gmt":"2025-10-19T18:33:20","slug":"datenschutzerklaerung","status":"publish","type":"page","link":"https:\/\/yashpon.com\/de\/datenschutzerklaerung\/","title":{"rendered":"Datenschutzerkl\u00e4rung"},"content":{"rendered":"","protected":false},"excerpt":{"rendered":"","protected":false},"author":1,"featured_media":0,"parent":0,"menu_order":0,"comment_status":"closed","ping_status":"closed","template":"","meta":{"footnotes":""},"class_list":["post-1794","page","type-page","status-publish","hentry"],"yoast_head":"<!-- This site is optimized with the Yoast SEO plugin v27.4 - https:\/\/yoast.com\/product\/yoast-seo-wordpress\/ -->\n<title>Datenschutzerkl\u00e4rung - Annette Yashpon Yashpon Coaching &amp; Training<\/title>\n<meta name=\"description\" content=\"Lesen Sie die Datenschutzerkl\u00e4rung von Yashpon. Erfahren Sie, wie wir Ihre pers\u00f6nlichen Daten sch\u00fctzen und die DSGVO-Richtlinien einhalten.\" \/>\n<meta name=\"robots\" content=\"index, follow, max-snippet:-1, max-image-preview:large, max-video-preview:-1\" \/>\n<link rel=\"canonical\" href=\"https:\/\/yashpon.com\/de\/datenschutzerklaerung\/\" \/>\n<meta property=\"og:locale\" content=\"de_DE\" \/>\n<meta property=\"og:type\" content=\"article\" \/>\n<meta property=\"og:title\" content=\"Datenschutzerkl\u00e4rung - Annette Yashpon Yashpon Coaching &amp; Training\" \/>\n<meta property=\"og:description\" content=\"Lesen Sie die Datenschutzerkl\u00e4rung von Yashpon. Erfahren Sie, wie wir Ihre pers\u00f6nlichen Daten sch\u00fctzen und die DSGVO-Richtlinien einhalten.\" \/>\n<meta property=\"og:url\" content=\"https:\/\/yashpon.com\/de\/datenschutzerklaerung\/\" \/>\n<meta property=\"og:site_name\" content=\"Annette Yashpon\" \/>\n<meta property=\"article:publisher\" content=\"https:\/\/www.facebook.com\/AnnetteYashpon\" \/>\n<meta property=\"article:modified_time\" content=\"2025-10-19T18:33:20+00:00\" \/>\n<meta name=\"twitter:card\" content=\"summary_large_image\" \/>\n<script type=\"application\/ld+json\" class=\"yoast-schema-graph\">{\"@context\":\"https:\\\/\\\/schema.org\",\"@graph\":[{\"@type\":\"WebPage\",\"@id\":\"https:\\\/\\\/yashpon.com\\\/de\\\/datenschutzerklaerung\\\/\",\"url\":\"https:\\\/\\\/yashpon.com\\\/de\\\/datenschutzerklaerung\\\/\",\"name\":\"Datenschutzerkl\u00e4rung - Annette Yashpon Yashpon Coaching & Training\",\"isPartOf\":{\"@id\":\"https:\\\/\\\/yashpon.com\\\/de\\\/#website\"},\"datePublished\":\"2020-06-18T23:49:04+00:00\",\"dateModified\":\"2025-10-19T18:33:20+00:00\",\"description\":\"Lesen Sie die Datenschutzerkl\u00e4rung von Yashpon. Erfahren Sie, wie wir Ihre pers\u00f6nlichen Daten sch\u00fctzen und die DSGVO-Richtlinien einhalten.\",\"breadcrumb\":{\"@id\":\"https:\\\/\\\/yashpon.com\\\/de\\\/datenschutzerklaerung\\\/#breadcrumb\"},\"inLanguage\":\"de\",\"potentialAction\":[{\"@type\":\"ReadAction\",\"target\":[\"https:\\\/\\\/yashpon.com\\\/de\\\/datenschutzerklaerung\\\/\"]}]},{\"@type\":\"BreadcrumbList\",\"@id\":\"https:\\\/\\\/yashpon.com\\\/de\\\/datenschutzerklaerung\\\/#breadcrumb\",\"itemListElement\":[{\"@type\":\"ListItem\",\"position\":1,\"name\":\"Home\",\"item\":\"https:\\\/\\\/yashpon.com\\\/de\\\/\"},{\"@type\":\"ListItem\",\"position\":2,\"name\":\"Datenschutzerkl\u00e4rung\"}]},{\"@type\":\"WebSite\",\"@id\":\"https:\\\/\\\/yashpon.com\\\/de\\\/#website\",\"url\":\"https:\\\/\\\/yashpon.com\\\/de\\\/\",\"name\":\"yashpon\",\"description\":\"MC\\\/TV Presenter, Voice Artist and Pianist from Berlin\",\"publisher\":{\"@id\":\"https:\\\/\\\/yashpon.com\\\/de\\\/#organization\"},\"potentialAction\":[{\"@type\":\"SearchAction\",\"target\":{\"@type\":\"EntryPoint\",\"urlTemplate\":\"https:\\\/\\\/yashpon.com\\\/de\\\/?s={search_term_string}\"},\"query-input\":{\"@type\":\"PropertyValueSpecification\",\"valueRequired\":true,\"valueName\":\"search_term_string\"}}],\"inLanguage\":\"de\"},{\"@type\":\"Organization\",\"@id\":\"https:\\\/\\\/yashpon.com\\\/de\\\/#organization\",\"name\":\"yashpon\",\"url\":\"https:\\\/\\\/yashpon.com\\\/de\\\/\",\"logo\":{\"@type\":\"ImageObject\",\"inLanguage\":\"de\",\"@id\":\"https:\\\/\\\/yashpon.com\\\/de\\\/#\\\/schema\\\/logo\\\/image\\\/\",\"url\":\"https:\\\/\\\/yashpon.com\\\/wp-content\\\/uploads\\\/2020\\\/05\\\/annette-yashpon-logo.png\",\"contentUrl\":\"https:\\\/\\\/yashpon.com\\\/wp-content\\\/uploads\\\/2020\\\/05\\\/annette-yashpon-logo.png\",\"width\":150,\"height\":39,\"caption\":\"yashpon\"},\"image\":{\"@id\":\"https:\\\/\\\/yashpon.com\\\/de\\\/#\\\/schema\\\/logo\\\/image\\\/\"},\"sameAs\":[\"https:\\\/\\\/www.facebook.com\\\/AnnetteYashpon\",\"https:\\\/\\\/www.xing.com\\\/profile\\\/Annette_Yashpon\"]}]}<\/script>\n<!-- \/ Yoast SEO plugin. -->","yoast_head_json":{"title":"Datenschutzerkl\u00e4rung - Annette Yashpon Yashpon Coaching & Training","description":"Lesen Sie die Datenschutzerkl\u00e4rung von Yashpon. Erfahren Sie, wie wir Ihre pers\u00f6nlichen Daten sch\u00fctzen und die DSGVO-Richtlinien einhalten.","robots":{"index":"index","follow":"follow","max-snippet":"max-snippet:-1","max-image-preview":"max-image-preview:large","max-video-preview":"max-video-preview:-1"},"canonical":"https:\/\/yashpon.com\/de\/datenschutzerklaerung\/","og_locale":"de_DE","og_type":"article","og_title":"Datenschutzerkl\u00e4rung - Annette Yashpon Yashpon Coaching & Training","og_description":"Lesen Sie die Datenschutzerkl\u00e4rung von Yashpon. Erfahren Sie, wie wir Ihre pers\u00f6nlichen Daten sch\u00fctzen und die DSGVO-Richtlinien einhalten.","og_url":"https:\/\/yashpon.com\/de\/datenschutzerklaerung\/","og_site_name":"Annette Yashpon","article_publisher":"https:\/\/www.facebook.com\/AnnetteYashpon","article_modified_time":"2025-10-19T18:33:20+00:00","twitter_card":"summary_large_image","schema":{"@context":"https:\/\/schema.org","@graph":[{"@type":"WebPage","@id":"https:\/\/yashpon.com\/de\/datenschutzerklaerung\/","url":"https:\/\/yashpon.com\/de\/datenschutzerklaerung\/","name":"Datenschutzerkl\u00e4rung - Annette Yashpon Yashpon Coaching & Training","isPartOf":{"@id":"https:\/\/yashpon.com\/de\/#website"},"datePublished":"2020-06-18T23:49:04+00:00","dateModified":"2025-10-19T18:33:20+00:00","description":"Lesen Sie die Datenschutzerkl\u00e4rung von Yashpon. Erfahren Sie, wie wir Ihre pers\u00f6nlichen Daten sch\u00fctzen und die DSGVO-Richtlinien einhalten.","breadcrumb":{"@id":"https:\/\/yashpon.com\/de\/datenschutzerklaerung\/#breadcrumb"},"inLanguage":"de","potentialAction":[{"@type":"ReadAction","target":["https:\/\/yashpon.com\/de\/datenschutzerklaerung\/"]}]},{"@type":"BreadcrumbList","@id":"https:\/\/yashpon.com\/de\/datenschutzerklaerung\/#breadcrumb","itemListElement":[{"@type":"ListItem","position":1,"name":"Home","item":"https:\/\/yashpon.com\/de\/"},{"@type":"ListItem","position":2,"name":"Datenschutzerkl\u00e4rung"}]},{"@type":"WebSite","@id":"https:\/\/yashpon.com\/de\/#website","url":"https:\/\/yashpon.com\/de\/","name":"yashpon","description":"MC\/TV Presenter, Voice Artist and Pianist from Berlin","publisher":{"@id":"https:\/\/yashpon.com\/de\/#organization"},"potentialAction":[{"@type":"SearchAction","target":{"@type":"EntryPoint","urlTemplate":"https:\/\/yashpon.com\/de\/?s={search_term_string}"},"query-input":{"@type":"PropertyValueSpecification","valueRequired":true,"valueName":"search_term_string"}}],"inLanguage":"de"},{"@type":"Organization","@id":"https:\/\/yashpon.com\/de\/#organization","name":"yashpon","url":"https:\/\/yashpon.com\/de\/","logo":{"@type":"ImageObject","inLanguage":"de","@id":"https:\/\/yashpon.com\/de\/#\/schema\/logo\/image\/","url":"https:\/\/yashpon.com\/wp-content\/uploads\/2020\/05\/annette-yashpon-logo.png","contentUrl":"https:\/\/yashpon.com\/wp-content\/uploads\/2020\/05\/annette-yashpon-logo.png","width":150,"height":39,"caption":"yashpon"},"image":{"@id":"https:\/\/yashpon.com\/de\/#\/schema\/logo\/image\/"},"sameAs":["https:\/\/www.facebook.com\/AnnetteYashpon","https:\/\/www.xing.com\/profile\/Annette_Yashpon"]}]}},"_links":{"self":[{"href":"https:\/\/yashpon.com\/de\/wp-json\/wp\/v2\/pages\/1794","targetHints":{"allow":["GET"]}}],"collection":[{"href":"https:\/\/yashpon.com\/de\/wp-json\/wp\/v2\/pages"}],"about":[{"href":"https:\/\/yashpon.com\/de\/wp-json\/wp\/v2\/types\/page"}],"author":[{"embeddable":true,"href":"https:\/\/yashpon.com\/de\/wp-json\/wp\/v2\/users\/1"}],"replies":[{"embeddable":true,"href":"https:\/\/yashpon.com\/de\/wp-json\/wp\/v2\/comments?post=1794"}],"version-history":[{"count":2,"href":"https:\/\/yashpon.com\/de\/wp-json\/wp\/v2\/pages\/1794\/revisions"}],"predecessor-version":[{"id":2891,"href":"https:\/\/yashpon.com\/de\/wp-json\/wp\/v2\/pages\/1794\/revisions\/2891"}],"wp:attachment":[{"href":"https:\/\/yashpon.com\/de\/wp-json\/wp\/v2\/media?parent=1794"}],"curies":[{"name":"wp","href":"https:\/\/api.w.org\/{rel}","templated":true}]}}